{"id":12,"date":"2024-01-11T19:29:08","date_gmt":"2024-01-11T19:29:08","guid":{"rendered":"https:\/\/authorwebservices-vip.net\/WestBowPress\/853909\/?page_id=12"},"modified":"2024-03-26T08:41:44","modified_gmt":"2024-03-26T08:41:44","slug":"home","status":"publish","type":"page","link":"https:\/\/authorwebservices-vip.net\/WestBowPress\/853909\/","title":{"rendered":"Overview"},"content":{"rendered":"\n<h1 class=\"wp-block-heading\" style=\"font-size:40px\"><strong><strong><strong><strong><strong>Why I Thank God<\/strong><\/strong><\/strong><\/strong><\/strong><\/h1>\n\n\n\n<h2 class=\"wp-block-heading\" style=\"font-size:30px\"><strong>Porque le doy gracias a Dios<\/strong><\/h2>\n\n\n<div class=\"wp-block-image\">\n<figure data-wp-context=\"{&quot;imageId&quot;:&quot;69e9dc86ee322&quot;}\" data-wp-interactive=\"core\/image\" data-wp-key=\"69e9dc86ee322\" class=\"alignright size-full is-resized wp-lightbox-container\"><img loading=\"lazy\" decoding=\"async\" width=\"450\" height=\"451\" data-wp-class--hide=\"state.isContentHidden\" data-wp-class--show=\"state.isContentVisible\" data-wp-init=\"callbacks.setButtonStyles\" data-wp-on--click=\"actions.showLightbox\" data-wp-on--load=\"callbacks.setButtonStyles\" data-wp-on-window--resize=\"callbacks.setButtonStyles\" src=\"https:\/\/authorwebservices-vip.net\/WestBowPress\/853909\/wp-content\/uploads\/2024\/01\/cover.jpg\" alt=\"\" class=\"wp-image-1260\" style=\"width:397px;height:auto\" srcset=\"https:\/\/authorwebservices-vip.net\/WestBowPress\/853909\/wp-content\/uploads\/2024\/01\/cover.jpg 450w, https:\/\/authorwebservices-vip.net\/WestBowPress\/853909\/wp-content\/uploads\/2024\/01\/cover-300x300.jpg 300w, https:\/\/authorwebservices-vip.net\/WestBowPress\/853909\/wp-content\/uploads\/2024\/01\/cover-150x150.jpg 150w\" sizes=\"auto, (max-width: 450px) 100vw, 450px\" \/><button\n\t\t\tclass=\"lightbox-trigger\"\n\t\t\ttype=\"button\"\n\t\t\taria-haspopup=\"dialog\"\n\t\t\taria-label=\"Enlarge\"\n\t\t\tdata-wp-init=\"callbacks.initTriggerButton\"\n\t\t\tdata-wp-on--click=\"actions.showLightbox\"\n\t\t\tdata-wp-style--right=\"state.imageButtonRight\"\n\t\t\tdata-wp-style--top=\"state.imageButtonTop\"\n\t\t>\n\t\t\t<svg xmlns=\"http:\/\/www.w3.org\/2000\/svg\" width=\"12\" height=\"12\" fill=\"none\" viewBox=\"0 0 12 12\">\n\t\t\t\t<path fill=\"#fff\" d=\"M2 0a2 2 0 0 0-2 2v2h1.5V2a.5.5 0 0 1 .5-.5h2V0H2Zm2 10.5H2a.5.5 0 0 1-.5-.5V8H0v2a2 2 0 0 0 2 2h2v-1.5ZM8 12v-1.5h2a.5.5 0 0 0 .5-.5V8H12v2a2 2 0 0 1-2 2H8Zm2-12a2 2 0 0 1 2 2v2h-1.5V2a.5.5 0 0 0-.5-.5H8V0h2Z\" \/>\n\t\t\t<\/svg>\n\t\t<\/button><\/figure>\n<\/div>\n\n\n<p>This story is about a little boy who owes all of his blessings to God. He comes from a religious family. He doesn&#8217;t quite have a full understanding of God yet, but he does know that He exists. He is very thankful for the blessings he has received.<\/p>\n\n\n\n<p>Esta historia es acerca de un ni\u00f1o que le debe todas sus bendiciones a Dios. El viene de una familia religiosa. El a\u00fan no tiene un entendimiento completo de lo que es Dios, pero sabe que \u00c9l existe. El est\u00e1 muy agradecido por las Bendiciones que ha recibido.<\/p>\n\n\n\n<div class=\"wp-block-buttons is-layout-flex wp-block-buttons-is-layout-flex\">\n<div class=\"wp-block-button has-custom-font-size is-style-fill has-medium-font-size\"><a class=\"wp-block-button__link has-white-color has-vivid-red-background-color has-text-color has-background wp-element-button\" href=\"https:\/\/www.westbowpress.com\/en\/bookstore\/bookdetails\/853909-why-i-thank-god\" style=\"border-radius:0px\" target=\"_blank\" rel=\"noreferrer noopener\">ORDER A COPY NOW<\/a><\/div>\n<\/div>\n\n\n<p style=\"clear: both;\">&nbsp;<\/p>\n\n\n<h1 class=\"wp-block-heading\" style=\"font-size:40px\"><strong><strong><strong><strong><strong>Thank you God for Loving Me<\/strong><\/strong><\/strong><\/strong><\/strong><\/h1>\n\n\n\n<h2 class=\"wp-block-heading\" style=\"font-size:30px\"><strong>Gracias Dios por Amarme<\/strong><\/h2>\n\n\n<div class=\"wp-block-image\">\n<figure data-wp-context=\"{&quot;imageId&quot;:&quot;69e9dc86eeb3d&quot;}\" data-wp-interactive=\"core\/image\" data-wp-key=\"69e9dc86eeb3d\" class=\"alignright size-full is-resized wp-lightbox-container\"><img decoding=\"async\" data-wp-class--hide=\"state.isContentHidden\" data-wp-class--show=\"state.isContentVisible\" data-wp-init=\"callbacks.setButtonStyles\" data-wp-on--click=\"actions.showLightbox\" data-wp-on--load=\"callbacks.setButtonStyles\" data-wp-on-window--resize=\"callbacks.setButtonStyles\" src=\"https:\/\/authorwebservices-vip.net\/WestBowPress\/853909\/wp-content\/uploads\/2024\/03\/cover-857101.jpg\" alt=\"\" class=\"wp-image-1260\" style=\"width:397px;height:auto\"\/><button\n\t\t\tclass=\"lightbox-trigger\"\n\t\t\ttype=\"button\"\n\t\t\taria-haspopup=\"dialog\"\n\t\t\taria-label=\"Enlarge\"\n\t\t\tdata-wp-init=\"callbacks.initTriggerButton\"\n\t\t\tdata-wp-on--click=\"actions.showLightbox\"\n\t\t\tdata-wp-style--right=\"state.imageButtonRight\"\n\t\t\tdata-wp-style--top=\"state.imageButtonTop\"\n\t\t>\n\t\t\t<svg xmlns=\"http:\/\/www.w3.org\/2000\/svg\" width=\"12\" height=\"12\" fill=\"none\" viewBox=\"0 0 12 12\">\n\t\t\t\t<path fill=\"#fff\" d=\"M2 0a2 2 0 0 0-2 2v2h1.5V2a.5.5 0 0 1 .5-.5h2V0H2Zm2 10.5H2a.5.5 0 0 1-.5-.5V8H0v2a2 2 0 0 0 2 2h2v-1.5ZM8 12v-1.5h2a.5.5 0 0 0 .5-.5V8H12v2a2 2 0 0 1-2 2H8Zm2-12a2 2 0 0 1 2 2v2h-1.5V2a.5.5 0 0 0-.5-.5H8V0h2Z\" \/>\n\t\t\t<\/svg>\n\t\t<\/button><\/figure>\n<\/div>\n\n\n<p>Thank you God for Loving Me is a story about a little boy, who is now a grown up young man. He remembers how God had blessed him as a young boy. He truly knows now that when he was young it was God who was blessing him all the long. He has a sister who grew up to be a beautiful young lady. They both got married and had families of their own.<\/p>\n\n\n\n<p>His baby brother grew up and he became a preacher. The young man wanted his children to learn early in their young lives, about how good God is. He started teaching his children about some things that they should be thankful for.<\/p>\n\n\n\n<p>He is also very thankful now how God has blessed him with new family members.<\/p>\n\n\n\n<p>Gracias Dios por amarme, es una historia acerca de un ni\u00f1o, Quien crecio para ser un joven adulto. El recuerda como Dios lo bendijo cuando era ni\u00f1o. Ahora reconoce cuando era ni\u00f1o, fue Dios quien siempre lo bendijo. El tiene una hermana que creci\u00f3 hacer una hermosa Se\u00f1orita. Los dos est\u00e1n Casados y cada uno tiene su propia familia.<\/p>\n\n\n\n<p>Su hermano peque\u00f1o se convirti\u00f3 en un pastor. Este Joven queria que sus hijos aprendieran desde muy ni\u00f1os de las Bendiciones de Dios. El empez\u00f3 a ense\u00f1arles a sus hijos a dar gracias por las cosas que ellos deberi\u00e1n estar agradecidos por.<\/p>\n\n\n\n<p>El ahora tambi\u00e9n esta agradecido de como Dios lo ha Bendecido con nuevos miembros en su familia.<\/p>\n\n\n\n<div class=\"wp-block-buttons is-layout-flex wp-block-buttons-is-layout-flex\">\n<div class=\"wp-block-button has-custom-font-size is-style-fill has-medium-font-size\"><a class=\"wp-block-button__link has-white-color has-vivid-red-background-color has-text-color has-background wp-element-button\" href=\"https:\/\/www.westbowpress.com\/en\/bookstore\/bookdetails\/857101-thank-you-god-for-loving-me\" style=\"border-radius:0px\" target=\"_blank\" rel=\"noreferrer noopener\">ORDER A COPY NOW<\/a><\/div>\n<\/div>\n","protected":false},"excerpt":{"rendered":"<p>Why I Thank God Porque le doy gracias a Dios This story is about a little boy who owes all of his blessings to God. He comes from a religious family. He doesn&#8217;t quite have a full understanding of God yet, but he does know that He exists. He is very thankful for the blessings &hellip; <\/p>\n<div class=\"more-link-wrapper\"><a href=\"https:\/\/authorwebservices-vip.net\/WestBowPress\/853909\/\" class=\"more-link\">Continue reading<span class=\"screen-reader-text\"> &#8220;Overview&#8221;<\/span><\/a><\/div>\n","protected":false},"author":1,"featured_media":0,"parent":0,"menu_order":0,"comment_status":"closed","ping_status":"closed","template":"template-full.php","meta":{"footnotes":""},"class_list":["post-12","page","type-page","status-publish"],"aioseo_notices":[],"_links":{"self":[{"href":"https:\/\/authorwebservices-vip.net\/WestBowPress\/853909\/wp-json\/wp\/v2\/pages\/12","targetHints":{"allow":["GET"]}}],"collection":[{"href":"https:\/\/authorwebservices-vip.net\/WestBowPress\/853909\/wp-json\/wp\/v2\/pages"}],"about":[{"href":"https:\/\/authorwebservices-vip.net\/WestBowPress\/853909\/wp-json\/wp\/v2\/types\/page"}],"author":[{"embeddable":true,"href":"https:\/\/authorwebservices-vip.net\/WestBowPress\/853909\/wp-json\/wp\/v2\/users\/1"}],"replies":[{"embeddable":true,"href":"https:\/\/authorwebservices-vip.net\/WestBowPress\/853909\/wp-json\/wp\/v2\/comments?post=12"}],"version-history":[{"count":3,"href":"https:\/\/authorwebservices-vip.net\/WestBowPress\/853909\/wp-json\/wp\/v2\/pages\/12\/revisions"}],"predecessor-version":[{"id":1282,"href":"https:\/\/authorwebservices-vip.net\/WestBowPress\/853909\/wp-json\/wp\/v2\/pages\/12\/revisions\/1282"}],"wp:attachment":[{"href":"https:\/\/authorwebservices-vip.net\/WestBowPress\/853909\/wp-json\/wp\/v2\/media?parent=12"}],"curies":[{"name":"wp","href":"https:\/\/api.w.org\/{rel}","templated":true}]}}