{"id":17,"date":"2021-03-30T09:21:55","date_gmt":"2021-03-30T09:21:55","guid":{"rendered":"https:\/\/authorwebservices-vip.net\/WestBowPress\/853605\/?page_id=17"},"modified":"2023-11-16T06:49:50","modified_gmt":"2023-11-16T06:49:50","slug":"buy-the-book","status":"publish","type":"page","link":"https:\/\/authorwebservices-vip.net\/WestBowPress\/853605\/buy-the-book\/","title":{"rendered":"BUY THE BOOK"},"content":{"rendered":"<p><img loading=\"lazy\" decoding=\"async\" class=\"aligncenter wp-image-933\" src=\"https:\/\/authorwebservices-vip.net\/WestBowPress\/853605\/wp-content\/uploads\/2023\/11\/book3d-295x300.png\" alt=\"\" width=\"550\" height=\"559\" srcset=\"https:\/\/authorwebservices-vip.net\/WestBowPress\/853605\/wp-content\/uploads\/2023\/11\/book3d-295x300.png 295w, https:\/\/authorwebservices-vip.net\/WestBowPress\/853605\/wp-content\/uploads\/2023\/11\/book3d-1007x1024.png 1007w, https:\/\/authorwebservices-vip.net\/WestBowPress\/853605\/wp-content\/uploads\/2023\/11\/book3d-768x781.png 768w, https:\/\/authorwebservices-vip.net\/WestBowPress\/853605\/wp-content\/uploads\/2023\/11\/book3d.png 1256w\" sizes=\"auto, (max-width: 550px) 100vw, 550px\" \/><\/p>\n<p style=\"text-align: center;\">This concise guide leads high school seniors and new graduates into adulthood through an inspiring roadmap that teaches how to build a life of purpose and progress.<\/p>\n<p style=\"text-align: center;\"><a class=\"button\" href=\"https:\/\/www.westbowpress.com\/en\/bookstore\/bookdetails\/853605-seven-letters-to-seniors\" target=\"_blank\" rel=\"noopener noreferrer\">ORDER A COPY NOW<\/a><\/p>\n<p><strong>\u00a0<\/strong><\/p>\n<div class=\"clear\"><\/div>\n<p><strong>Other Books By This Author <\/strong><\/p>\n<hr \/>\n<p><a href=\"https:\/\/www.westbowpress.com\/en\/bookstore\/bookdetails\/855646-siete-cartas-a-los-estudiantes-de-ultimo-ano\" target=\"_blank\" rel=\"attachment wp-att-48 noopener\"><img decoding=\"async\" class=\"alignleft size-medium wp-image-48\" style=\"border: 1px solid #000; padding: 5px; background: #eee;\" src=\"https:\/\/authorwebservices-vip.net\/WestBowPress\/853605\/wp-content\/uploads\/2023\/11\/otherbook1.jpg\" alt=\"\" width=\"177\" \/><\/a><\/p>\n<p>About the Book<\/p>\n<p>Durante su \u00faltimo semestre como superintendente de un distrito escolar en el \u00e1rea metropolitana de Atlanta, Georgia, el Dr. Morcease Beasley decidi\u00f3 visitar las doce escuelas secundarias y hablar ante cada una de las clases de \u00faltimo a\u00f1o. Aunque la pandemia hab\u00eda interrumpido claramente sus vidas y su aprendizaje, sab\u00eda que la vida no les dar\u00eda un respiro por haber vivido esas experiencias \u00fanicas. En esta gu\u00eda inspiradora basada en sus charlas, el Dr. Beasley anima a los estudiantes a prepararse para el futuro en siete \u00e1reas mediante el desarrollo de acciones premeditadas que resulten en una vida productiva y con prop\u00f3sito. A la vez que aborda aspectos acad\u00e9micos, habilidades sociales, finanzas, salud espiritual, salud f\u00edsica, compromiso pol\u00edtico y relaciones personales, ayuda a los estudiantes del \u00faltimo a\u00f1o de secundaria y a los nuevos graduados a centrarse en su entrada en la edad adulta y a empezar a construir una base s\u00f3lida para perseguir sus sue\u00f1os. A trav\u00e9s de su sabidur\u00eda, los estudiantes aprender\u00e1n c\u00f3mo lograr el \u00e9xito acad\u00e9mico, desarrollar h\u00e1bitos sociales s\u00f3lidos, administrar y mejorar sus finanzas, c\u00f3mo sentirse seguros en la espiritualidad, c\u00f3mo crear un estilo de vida saludable, mantenerse comprometidos pol\u00edticamente y crear relaciones personales duraderas basadas en el amor. Siete cartas a los estudiantes de \u00faltimo a\u00f1o es una gu\u00eda concisa que orienta a los estudiantes de \u00faltimo a\u00f1o de secundaria y reci\u00e9n graduados en su entrada en la edad adulta a trav\u00e9s de una hoja de ruta inspiradora que ense\u00f1a c\u00f3mo construir una vida con prop\u00f3sito y progreso.<\/p>\n","protected":false},"excerpt":{"rendered":"<p>This concise guide leads high school seniors and new graduates into adulthood through an inspiring roadmap that teaches how to build a life of purpose and progress. ORDER A COPY NOW \u00a0 Other Books By This Author About the Book Durante su \u00faltimo semestre como superintendente de un distrito escolar en el \u00e1rea metropolitana de<\/p>\n<p class=\"more-link-wrapper\"><a href=\"https:\/\/authorwebservices-vip.net\/WestBowPress\/853605\/buy-the-book\/\" class=\"more-link\">Continue Reading<span class=\"screen-reader-text\"> &#8220;BUY THE BOOK&#8221;<\/span><\/a><\/p>\n","protected":false},"author":1,"featured_media":0,"parent":0,"menu_order":0,"comment_status":"closed","ping_status":"closed","template":"","meta":{"footnotes":""},"class_list":["post-17","page","type-page","status-publish","hentry"],"aioseo_notices":[],"_links":{"self":[{"href":"https:\/\/authorwebservices-vip.net\/WestBowPress\/853605\/wp-json\/wp\/v2\/pages\/17","targetHints":{"allow":["GET"]}}],"collection":[{"href":"https:\/\/authorwebservices-vip.net\/WestBowPress\/853605\/wp-json\/wp\/v2\/pages"}],"about":[{"href":"https:\/\/authorwebservices-vip.net\/WestBowPress\/853605\/wp-json\/wp\/v2\/types\/page"}],"author":[{"embeddable":true,"href":"https:\/\/authorwebservices-vip.net\/WestBowPress\/853605\/wp-json\/wp\/v2\/users\/1"}],"replies":[{"embeddable":true,"href":"https:\/\/authorwebservices-vip.net\/WestBowPress\/853605\/wp-json\/wp\/v2\/comments?post=17"}],"version-history":[{"count":91,"href":"https:\/\/authorwebservices-vip.net\/WestBowPress\/853605\/wp-json\/wp\/v2\/pages\/17\/revisions"}],"predecessor-version":[{"id":947,"href":"https:\/\/authorwebservices-vip.net\/WestBowPress\/853605\/wp-json\/wp\/v2\/pages\/17\/revisions\/947"}],"wp:attachment":[{"href":"https:\/\/authorwebservices-vip.net\/WestBowPress\/853605\/wp-json\/wp\/v2\/media?parent=17"}],"curies":[{"name":"wp","href":"https:\/\/api.w.org\/{rel}","templated":true}]}}