{"id":15,"date":"2021-03-30T09:18:08","date_gmt":"2021-03-30T09:18:08","guid":{"rendered":"https:\/\/authorwebservices-vip.net\/WestBowPress\/853605\/?page_id=15"},"modified":"2023-11-16T06:41:20","modified_gmt":"2023-11-16T06:41:20","slug":"about-the-author","status":"publish","type":"page","link":"https:\/\/authorwebservices-vip.net\/WestBowPress\/853605\/about-the-author\/","title":{"rendered":"ABOUT THE AUTHOR"},"content":{"rendered":"\n<p><span style=\"font-size: 24pt;\"><strong>Morcease J. Beasley, EdD<\/strong><\/span><\/p>\n<p><em>Morcease J. Beasley, EdD<\/em> has been an educator for nearly thirty years, serving schools and communities in Alabama, Texas, and Georgia. He motivates and inspires young people as a school superintendent who values the role of education to positively change their lives. Dr. Beasley was interviewed by CNN and other media establishments as a leading educational voice during the COVID-19 pandemic.<\/p>\n<p><strong>Other Books By This Author <\/strong><\/p>\n<hr \/>\n<p><a href=\"https:\/\/www.westbowpress.com\/en\/bookstore\/bookdetails\/855646-siete-cartas-a-los-estudiantes-de-ultimo-ano\" target=\"_blank\" rel=\"attachment wp-att-48 noopener\"><img decoding=\"async\" class=\"alignleft size-medium wp-image-48\" style=\"border: 1px solid #000; padding: 5px; background: #eee;\" src=\"https:\/\/authorwebservices-vip.net\/WestBowPress\/853605\/wp-content\/uploads\/2023\/11\/otherbook1.jpg\" alt=\"\" width=\"177\" \/><\/a><\/p>\n<p>About the Book<\/p>\n<p>Durante su \u00faltimo semestre como superintendente de un distrito escolar en el \u00e1rea metropolitana de Atlanta, Georgia, el Dr. Morcease Beasley decidi\u00f3 visitar las doce escuelas secundarias y hablar ante cada una de las clases de \u00faltimo a\u00f1o. Aunque la pandemia hab\u00eda interrumpido claramente sus vidas y su aprendizaje, sab\u00eda que la vida no les dar\u00eda un respiro por haber vivido esas experiencias \u00fanicas. En esta gu\u00eda inspiradora basada en sus charlas, el Dr. Beasley anima a los estudiantes a prepararse para el futuro en siete \u00e1reas mediante el desarrollo de acciones premeditadas que resulten en una vida productiva y con prop\u00f3sito. A la vez que aborda aspectos acad\u00e9micos, habilidades sociales, finanzas, salud espiritual, salud f\u00edsica, compromiso pol\u00edtico y relaciones personales, ayuda a los estudiantes del \u00faltimo a\u00f1o de secundaria y a los nuevos graduados a centrarse en su entrada en la edad adulta y a empezar a construir una base s\u00f3lida para perseguir sus sue\u00f1os. A trav\u00e9s de su sabidur\u00eda, los estudiantes aprender\u00e1n c\u00f3mo lograr el \u00e9xito acad\u00e9mico, desarrollar h\u00e1bitos sociales s\u00f3lidos, administrar y mejorar sus finanzas, c\u00f3mo sentirse seguros en la espiritualidad, c\u00f3mo crear un estilo de vida saludable, mantenerse comprometidos pol\u00edticamente y crear relaciones personales duraderas basadas en el amor. Siete cartas a los estudiantes de \u00faltimo a\u00f1o es una gu\u00eda concisa que orienta a los estudiantes de \u00faltimo a\u00f1o de secundaria y reci\u00e9n graduados en su entrada en la edad adulta a trav\u00e9s de una hoja de ruta inspiradora que ense\u00f1a c\u00f3mo construir una vida con prop\u00f3sito y progreso.<\/p>\n","protected":false},"excerpt":{"rendered":"<p>Morcease J. Beasley, EdD Morcease J. Beasley, EdD has been an educator for nearly thirty years, serving schools and communities in Alabama, Texas, and Georgia. He motivates and inspires young people as a school superintendent who values the role of education to positively change their lives. Dr. Beasley was interviewed by CNN and other media<\/p>\n<p class=\"more-link-wrapper\"><a href=\"https:\/\/authorwebservices-vip.net\/WestBowPress\/853605\/about-the-author\/\" class=\"more-link\">Continue Reading<span class=\"screen-reader-text\"> &#8220;ABOUT THE AUTHOR&#8221;<\/span><\/a><\/p>\n","protected":false},"author":1,"featured_media":0,"parent":0,"menu_order":0,"comment_status":"closed","ping_status":"closed","template":"template-full.php","meta":{"footnotes":""},"class_list":["post-15","page","type-page","status-publish","hentry"],"aioseo_notices":[],"_links":{"self":[{"href":"https:\/\/authorwebservices-vip.net\/WestBowPress\/853605\/wp-json\/wp\/v2\/pages\/15","targetHints":{"allow":["GET"]}}],"collection":[{"href":"https:\/\/authorwebservices-vip.net\/WestBowPress\/853605\/wp-json\/wp\/v2\/pages"}],"about":[{"href":"https:\/\/authorwebservices-vip.net\/WestBowPress\/853605\/wp-json\/wp\/v2\/types\/page"}],"author":[{"embeddable":true,"href":"https:\/\/authorwebservices-vip.net\/WestBowPress\/853605\/wp-json\/wp\/v2\/users\/1"}],"replies":[{"embeddable":true,"href":"https:\/\/authorwebservices-vip.net\/WestBowPress\/853605\/wp-json\/wp\/v2\/comments?post=15"}],"version-history":[{"count":84,"href":"https:\/\/authorwebservices-vip.net\/WestBowPress\/853605\/wp-json\/wp\/v2\/pages\/15\/revisions"}],"predecessor-version":[{"id":944,"href":"https:\/\/authorwebservices-vip.net\/WestBowPress\/853605\/wp-json\/wp\/v2\/pages\/15\/revisions\/944"}],"wp:attachment":[{"href":"https:\/\/authorwebservices-vip.net\/WestBowPress\/853605\/wp-json\/wp\/v2\/media?parent=15"}],"curies":[{"name":"wp","href":"https:\/\/api.w.org\/{rel}","templated":true}]}}