{"id":972,"date":"2024-02-22T02:18:31","date_gmt":"2024-02-22T02:18:31","guid":{"rendered":"https:\/\/authorwebservices-vip.net\/Palibrio\/856285\/?page_id=972"},"modified":"2024-02-22T02:53:28","modified_gmt":"2024-02-22T02:53:28","slug":"home","status":"publish","type":"page","link":"https:\/\/authorwebservices-vip.net\/Palibrio\/856285\/","title":{"rendered":"Brisas al atardecer"},"content":{"rendered":"\n<h2 class=\"wp-block-heading\" style=\"font-size:30px\"><strong>A pesar de nosotros<\/strong><\/h2>\n\n\n<div class=\"wp-block-image\">\n<figure data-wp-context=\"{&quot;imageId&quot;:&quot;69e9e7fbc39d2&quot;}\" data-wp-interactive=\"core\/image\" data-wp-key=\"69e9e7fbc39d2\" class=\"alignright size-full is-resized wp-lightbox-container\"><img loading=\"lazy\" decoding=\"async\" width=\"450\" height=\"676\" data-wp-class--hide=\"state.isContentHidden\" data-wp-class--show=\"state.isContentVisible\" data-wp-init=\"callbacks.setButtonStyles\" data-wp-on--click=\"actions.showLightbox\" data-wp-on--load=\"callbacks.setButtonStyles\" data-wp-on-window--resize=\"callbacks.setButtonStyles\" src=\"https:\/\/authorwebservices-vip.net\/Palibrio\/856285\/wp-content\/uploads\/2024\/02\/cover.jpg\" alt=\"\" class=\"wp-image-1260\" style=\"width:391px;height:auto\" srcset=\"https:\/\/authorwebservices-vip.net\/Palibrio\/856285\/wp-content\/uploads\/2024\/02\/cover.jpg 450w, https:\/\/authorwebservices-vip.net\/Palibrio\/856285\/wp-content\/uploads\/2024\/02\/cover-200x300.jpg 200w\" sizes=\"auto, (max-width: 450px) 100vw, 450px\" \/><button\n\t\t\tclass=\"lightbox-trigger\"\n\t\t\ttype=\"button\"\n\t\t\taria-haspopup=\"dialog\"\n\t\t\taria-label=\"Enlarge\"\n\t\t\tdata-wp-init=\"callbacks.initTriggerButton\"\n\t\t\tdata-wp-on--click=\"actions.showLightbox\"\n\t\t\tdata-wp-style--right=\"state.imageButtonRight\"\n\t\t\tdata-wp-style--top=\"state.imageButtonTop\"\n\t\t>\n\t\t\t<svg xmlns=\"http:\/\/www.w3.org\/2000\/svg\" width=\"12\" height=\"12\" fill=\"none\" viewBox=\"0 0 12 12\">\n\t\t\t\t<path fill=\"#fff\" d=\"M2 0a2 2 0 0 0-2 2v2h1.5V2a.5.5 0 0 1 .5-.5h2V0H2Zm2 10.5H2a.5.5 0 0 1-.5-.5V8H0v2a2 2 0 0 0 2 2h2v-1.5ZM8 12v-1.5h2a.5.5 0 0 0 .5-.5V8H12v2a2 2 0 0 1-2 2H8Zm2-12a2 2 0 0 1 2 2v2h-1.5V2a.5.5 0 0 0-.5-.5H8V0h2Z\" \/>\n\t\t\t<\/svg>\n\t\t<\/button><\/figure>\n<\/div>\n\n\n<p>Cada historia relatada en <strong><em>Brisas al atardecer<\/em><\/strong>, es diferente, nos llevar\u00e1n a mundos particulares de los personajes inmersos en situaciones reales, donde su perfil psicol\u00f3gico, comportamiento, penas, alegr\u00edas y campos sociales, los lleva a tomar decisiones inesperadas que cambian su destino. Cada relato se sustenta en la realidad de una historia que nos parecer\u00e1 familiar o conocemos de alguna parte.<\/p>\n\n\n\n<p>Un paseo por el mundo de Nicole Le\u00f3nides Ferr\u00e1n<\/p>\n\n\n\n<p>En la aparente y siempre enga\u00f1osa sencillez narrativa de Nicole, radican sus valores literarios y humanos: es muy dif\u00edcil alcanzar el ritmo que logran sus historias, como lo es de igual modo dominar la creciente curiosidad del lector por saber c\u00f3mo terminar\u00e1n los enredos insalvables en que se ven envueltos sus personajes; se trata en fin de uno de esos libros que tomas y te cuesta trabajo soltar.<\/p>\n\n\n\n<p>Sus relatos son producto sin duda de una larga y paciente observaci\u00f3n de la conducta humana, no hay que olvidar que el primer paso del investigador y del artista es la observaci\u00f3n; as\u00ed nacieron la inteligencia, la ciencia y las artes.<\/p>\n\n\n\n<p>Cada ficci\u00f3n, cada cuento, es una historia de vida: vidas que suelen transcurrir ah\u00ed, frente a nuestros ojos, en cada momento de la existencia y nos pasan desapercibidas, como pasan a veces los atardeceres m\u00e1s bellos o las auroras m\u00e1s prometedoras y por eventualidades personales solemos no apreciarlas.<\/p>\n\n\n\n<p>Relaciones de pareja en donde quedan rescoldos de amor, pero en las que prevalecen el ego\u00edsmo o la comunicaci\u00f3n deficiente; personajes en busca de s\u00ed mismos que alcanzan el autodescubrimiento o se pierden en la desolaci\u00f3n y la desesperanza de sus vidas vac\u00edas. El esposo deslumbrado por el \u00e9xito profesional y por la belleza embaucadora de las mujeres nocturnas, que le llevar\u00e1n a la separaci\u00f3n de sus seres queridos, pero \u00bfTodo est\u00e1 perdido?<\/p>\n\n\n\n<p>Familias que un d\u00eda pretendieron huir de la mediocridad y la represi\u00f3n de una dictadura solo para vivir la pesadilla m\u00e1s aterradora que pudiesen imaginar: la tristeza, el resentimiento, la culpa, el rencor de los que quedaron con vida les perseguir\u00e1n por siempre; para ellos solo quedar\u00e1 la tierra prometida del perd\u00f3n y la resignaci\u00f3n si logran abrir los ojos, el coraz\u00f3n y descubrirlo.<\/p>\n\n\n\n<p>Pero no todas sus historias hablan de dolor y sufrimiento, tambi\u00e9n las hay luminosas y optimistas, como el relato del joven pescador que habla con Dios en el mar cada ma\u00f1ana, en un sitio solitario a la orilla de los acantilados; su fe y devoci\u00f3n le ser\u00e1n recompensadas y habr\u00e1 de convertirse en el personaje m\u00e1s inspirador de su peque\u00f1o para\u00edso.<\/p>\n\n\n\n<p>Brisas al atardecer se trata esencialmente de una obra de f\u00e1cil lectura, vivificante, capaz de hacer ver que la soluci\u00f3n de los eventos m\u00e1s dif\u00edciles de nuestras vidas radica en nosotros mismos, ni m\u00e1s ni menos; un volumen entretenido y profundamente humano.<\/p>\n\n\n\n<p>No hay nada m\u00e1s que decir, solo tomar la palabra a Nicole: Bienvenidos a la realidad humana.<\/p>\n\n\n\n<p>Manuel H. Roch\u00edn<\/p>\n\n\n\n<div class=\"wp-block-buttons is-layout-flex wp-block-buttons-is-layout-flex\">\n<div class=\"wp-block-button has-custom-font-size is-style-outline is-style-outline--1\" style=\"font-size:15px\"><a class=\"wp-block-button__link has-white-color has-luminous-vivid-orange-background-color has-text-color has-background wp-element-button\" href=\"https:\/\/www.xlibris.com\/en\/bookstore\/bookdetails\/856285-brisas-al-atardecer\" style=\"border-radius:0px\" target=\"_blank\" rel=\"noreferrer noopener\">\u00a1COMPRA EL LIBRO AHORA!<\/a><\/div>\n<\/div>\n","protected":false},"excerpt":{"rendered":"<p>A pesar de nosotros Cada historia relatada en Brisas al atardecer, es diferente, nos llevar\u00e1n a mundos particulares de los personajes inmersos en situaciones reales, donde su perfil psicol\u00f3gico, comportamiento, penas, alegr\u00edas y campos sociales, los lleva a tomar decisiones inesperadas que cambian su destino. Cada relato se sustenta en la realidad de una historia &hellip; <\/p>\n<div class=\"more-link-wrapper\"><a href=\"https:\/\/authorwebservices-vip.net\/Palibrio\/856285\/\" class=\"more-link\">Continue reading<span class=\"screen-reader-text\"> &#8220;Brisas al atardecer&#8221;<\/span><\/a><\/div>\n","protected":false},"author":1,"featured_media":0,"parent":0,"menu_order":0,"comment_status":"closed","ping_status":"closed","template":"template-full.php","meta":{"footnotes":""},"class_list":["post-972","page","type-page","status-publish","no-comments"],"aioseo_notices":[],"_links":{"self":[{"href":"https:\/\/authorwebservices-vip.net\/Palibrio\/856285\/wp-json\/wp\/v2\/pages\/972","targetHints":{"allow":["GET"]}}],"collection":[{"href":"https:\/\/authorwebservices-vip.net\/Palibrio\/856285\/wp-json\/wp\/v2\/pages"}],"about":[{"href":"https:\/\/authorwebservices-vip.net\/Palibrio\/856285\/wp-json\/wp\/v2\/types\/page"}],"author":[{"embeddable":true,"href":"https:\/\/authorwebservices-vip.net\/Palibrio\/856285\/wp-json\/wp\/v2\/users\/1"}],"replies":[{"embeddable":true,"href":"https:\/\/authorwebservices-vip.net\/Palibrio\/856285\/wp-json\/wp\/v2\/comments?post=972"}],"version-history":[{"count":0,"href":"https:\/\/authorwebservices-vip.net\/Palibrio\/856285\/wp-json\/wp\/v2\/pages\/972\/revisions"}],"wp:attachment":[{"href":"https:\/\/authorwebservices-vip.net\/Palibrio\/856285\/wp-json\/wp\/v2\/media?parent=972"}],"curies":[{"name":"wp","href":"https:\/\/api.w.org\/{rel}","templated":true}]}}