{"id":13,"date":"2024-02-22T02:17:30","date_gmt":"2024-02-22T02:17:30","guid":{"rendered":"https:\/\/authorwebservices-vip.net\/Palibrio\/856285\/?page_id=13"},"modified":"2024-02-22T02:57:51","modified_gmt":"2024-02-22T02:57:51","slug":"sobre-la-autora","status":"publish","type":"page","link":"https:\/\/authorwebservices-vip.net\/Palibrio\/856285\/sobre-la-autora\/","title":{"rendered":"SOBRE LA AUTORA"},"content":{"rendered":"\n<div class=\"wp-block-media-text is-stacked-on-mobile is-vertically-aligned-top\" style=\"grid-template-columns:35% auto\"><figure class=\"wp-block-media-text__media\"><img decoding=\"async\" src=\"https:\/\/authorwebservices-vip.net\/Palibrio\/856285\/wp-content\/uploads\/2024\/02\/author.jpg\" alt=\"\" class=\"wp-image-1248 size-full\"\/><\/figure><div class=\"wp-block-media-text__content\">\n<p><strong>Nicole L. Ferran&nbsp;<\/strong><\/p>\n\n\n\n<p>Escritora cubanoamericana.<\/p>\n\n\n\n<p>Estudi\u00f3 las carreras de Psicolog\u00eda e Ingenier\u00eda en computer. University of Systems Development en Los Angeles, California.<\/p>\n\n\n\n<p>Ha publicado tres libros:<br>Somos Amor (Motivacional)<br>Puerto (Novela)<br>Amaneceres en Silencio (Poes\u00eda)<br>Distribuido por Amazon, Barnes&amp;Noble, Walmart.com y otras librer\u00edas en l\u00ednea.<\/p>\n\n\n\n<p>Particip\u00f3 en Antolog\u00eda Patasalada, en Mazatl\u00e1n. Sin.<\/p>\n\n\n\n<p>Ha ganado numerosos reconocimientos como compositora.<\/p>\n\n\n\n<p>Premio Disco de Plata a\u00f1o 2020 en el Festival Internacional de la canci\u00f3n en California, con el tema&nbsp; Como el agua.<\/p>\n\n\n\n<p>En el 2020 gan\u00f3 el Festivegas de Oro en el Festival Internacional de la canci\u00f3n Latinoamericana en Las Vegas. Nevada,&nbsp; con el tema Caminante.<\/p>\n\n\n\n<p>En el 2022 fue premiada con el primer lugar Festivegas de Platino en el Festival Internacional de la canci\u00f3n en Las Vegas. Nevada con la canci\u00f3n Lucha- Reza.<\/p>\n\n\n\n<p>Ha ganado diplomas de excelencia as\u00ed como el Trofeo Prensa de Las Vegas y el Trofeo TV de Las Vegas.<\/p>\n\n\n\n<p>Con el poema Lo que qued\u00f3 atr\u00e1s gan\u00f3 el Festivegas de Plata.<\/p>\n\n\n\n<p>Tiene su canal de Youtube con numerosos videos y canciones para el disfrute de todos.<\/p>\n\n\n\n<p>Estos reconocimientos hacen la trayectoria de Nicole.<\/p>\n\n\n\n<p>Su pasi\u00f3n por viajar, la lleva a conocer lugares donde la traviesa imaginaci\u00f3n convierte sus experiencias en historias para contar y en poemas para el disfrute l\u00edrico.<\/p>\n<\/div><\/div>\n","protected":false},"excerpt":{"rendered":"<p>Nicole L. Ferran&nbsp; Escritora cubanoamericana. Estudi\u00f3 las carreras de Psicolog\u00eda e Ingenier\u00eda en computer. University of Systems Development en Los Angeles, California. Ha publicado tres libros:Somos Amor (Motivacional)Puerto (Novela)Amaneceres en Silencio (Poes\u00eda)Distribuido por Amazon, Barnes&amp;Noble, Walmart.com y otras librer\u00edas en l\u00ednea. Particip\u00f3 en Antolog\u00eda Patasalada, en Mazatl\u00e1n. Sin. Ha ganado numerosos reconocimientos como compositora. Premio &hellip; <\/p>\n<div class=\"more-link-wrapper\"><a href=\"https:\/\/authorwebservices-vip.net\/Palibrio\/856285\/sobre-la-autora\/\" class=\"more-link\">Continue reading<span class=\"screen-reader-text\"> &#8220;SOBRE LA AUTORA&#8221;<\/span><\/a><\/div>\n","protected":false},"author":1,"featured_media":0,"parent":0,"menu_order":0,"comment_status":"closed","ping_status":"closed","template":"template-full.php","meta":{"footnotes":""},"class_list":["post-13","page","type-page","status-publish","no-comments"],"aioseo_notices":[],"_links":{"self":[{"href":"https:\/\/authorwebservices-vip.net\/Palibrio\/856285\/wp-json\/wp\/v2\/pages\/13","targetHints":{"allow":["GET"]}}],"collection":[{"href":"https:\/\/authorwebservices-vip.net\/Palibrio\/856285\/wp-json\/wp\/v2\/pages"}],"about":[{"href":"https:\/\/authorwebservices-vip.net\/Palibrio\/856285\/wp-json\/wp\/v2\/types\/page"}],"author":[{"embeddable":true,"href":"https:\/\/authorwebservices-vip.net\/Palibrio\/856285\/wp-json\/wp\/v2\/users\/1"}],"replies":[{"embeddable":true,"href":"https:\/\/authorwebservices-vip.net\/Palibrio\/856285\/wp-json\/wp\/v2\/comments?post=13"}],"version-history":[{"count":1,"href":"https:\/\/authorwebservices-vip.net\/Palibrio\/856285\/wp-json\/wp\/v2\/pages\/13\/revisions"}],"predecessor-version":[{"id":1275,"href":"https:\/\/authorwebservices-vip.net\/Palibrio\/856285\/wp-json\/wp\/v2\/pages\/13\/revisions\/1275"}],"wp:attachment":[{"href":"https:\/\/authorwebservices-vip.net\/Palibrio\/856285\/wp-json\/wp\/v2\/media?parent=13"}],"curies":[{"name":"wp","href":"https:\/\/api.w.org\/{rel}","templated":true}]}}