{"id":17,"date":"2021-03-30T09:21:55","date_gmt":"2021-03-30T09:21:55","guid":{"rendered":"https:\/\/authorwebservices-vip.net\/Palibrio\/856093\/?page_id=17"},"modified":"2024-01-25T03:50:12","modified_gmt":"2024-01-25T03:50:12","slug":"comprar-el-libro","status":"publish","type":"page","link":"https:\/\/authorwebservices-vip.net\/Palibrio\/856093\/comprar-el-libro\/","title":{"rendered":"COMPRAR EL LIBRO"},"content":{"rendered":"<p style=\"text-align: center;\"><img loading=\"lazy\" decoding=\"async\" class=\"aligncenter wp-image-1141\" src=\"https:\/\/authorwebservices-vip.net\/Palibrio\/856093\/wp-content\/uploads\/2024\/01\/book3d-291x300.png\" alt=\"\" width=\"550\" height=\"568\" srcset=\"https:\/\/authorwebservices-vip.net\/Palibrio\/856093\/wp-content\/uploads\/2024\/01\/book3d-291x300.png 291w, https:\/\/authorwebservices-vip.net\/Palibrio\/856093\/wp-content\/uploads\/2024\/01\/book3d-768x793.png 768w, https:\/\/authorwebservices-vip.net\/Palibrio\/856093\/wp-content\/uploads\/2024\/01\/book3d.png 888w\" sizes=\"auto, (max-width: 550px) 100vw, 550px\" \/>\u00bfHay vida m\u00e1s all\u00e1 de la Tierra? \u00a1Desc\u00fabrelo en este libro!<\/p>\n<p style=\"text-align: center;\">EL ZOO de Carlos Alonzo Carrillo<br \/>\nLa extra\u00f1a premonici\u00f3n<\/p>\n<p style=\"text-align: center;\"><a class=\"button\" href=\"https:\/\/www.amazon.com\/EL-ZOO-extra\u00f1a-premonici\u00f3n-Spanish\/dp\/B0CNQ3KNFK\" target=\"_blank\" rel=\"noopener noreferrer\">\u00a1COMPRA EL LIBRO AHORA!<\/a><\/p>\n","protected":false},"excerpt":{"rendered":"<p>\u00bfHay vida m\u00e1s all\u00e1 de la Tierra? \u00a1Desc\u00fabrelo en este libro! EL ZOO de Carlos Alonzo Carrillo La extra\u00f1a premonici\u00f3n \u00a1COMPRA EL LIBRO AHORA!<\/p>\n","protected":false},"author":1,"featured_media":0,"parent":0,"menu_order":0,"comment_status":"closed","ping_status":"closed","template":"","meta":{"footnotes":""},"class_list":["post-17","page","type-page","status-publish","hentry"],"aioseo_notices":[],"_links":{"self":[{"href":"https:\/\/authorwebservices-vip.net\/Palibrio\/856093\/wp-json\/wp\/v2\/pages\/17","targetHints":{"allow":["GET"]}}],"collection":[{"href":"https:\/\/authorwebservices-vip.net\/Palibrio\/856093\/wp-json\/wp\/v2\/pages"}],"about":[{"href":"https:\/\/authorwebservices-vip.net\/Palibrio\/856093\/wp-json\/wp\/v2\/types\/page"}],"author":[{"embeddable":true,"href":"https:\/\/authorwebservices-vip.net\/Palibrio\/856093\/wp-json\/wp\/v2\/users\/1"}],"replies":[{"embeddable":true,"href":"https:\/\/authorwebservices-vip.net\/Palibrio\/856093\/wp-json\/wp\/v2\/comments?post=17"}],"version-history":[{"count":154,"href":"https:\/\/authorwebservices-vip.net\/Palibrio\/856093\/wp-json\/wp\/v2\/pages\/17\/revisions"}],"predecessor-version":[{"id":1152,"href":"https:\/\/authorwebservices-vip.net\/Palibrio\/856093\/wp-json\/wp\/v2\/pages\/17\/revisions\/1152"}],"wp:attachment":[{"href":"https:\/\/authorwebservices-vip.net\/Palibrio\/856093\/wp-json\/wp\/v2\/media?parent=17"}],"curies":[{"name":"wp","href":"https:\/\/api.w.org\/{rel}","templated":true}]}}