{"id":19,"date":"2024-02-14T21:20:48","date_gmt":"2024-02-14T21:20:48","guid":{"rendered":"https:\/\/authorwebservices-vip.net\/Palibrio\/855969\/?page_id=19"},"modified":"2024-02-14T21:27:15","modified_gmt":"2024-02-14T21:27:15","slug":"home","status":"publish","type":"page","link":"https:\/\/authorwebservices-vip.net\/Palibrio\/855969\/","title":{"rendered":"HOME"},"content":{"rendered":"<p>En este texto conocer\u00e1s la Ley de la Energ\u00eda y recuperar\u00e1s tu poder creador para lograr el \u00e9xito, la salud perfecta, la inspiraci\u00f3n, etc.<\/p>\n<p>S\u00edrvete del conocimiento que te da este libro y s\u00e9 el due\u00f1o de tu destino a trav\u00e9s del poder que tienes como Ser Humano a Imagen y Semejanza de Dios.<\/p>\n<p>La Ley de la Energ\u00eda es una Ley de F\u00edsica y tienes total poder para utilizarla en tu provecho y el del mundo que te rodea.<\/p>\n<p>&nbsp;<\/p>\n<p><em>In this text, you will learn about the Law of Energy and reclaim your creative power to achieve success, perfect health, inspiration, and more.<\/em><\/p>\n<p><em>Use the knowledge provided in this book and be the master of your destiny through the power you possess as a Human Being in the Image and Likeness of God.<\/em><\/p>\n<p><em>The Law of Energy is a law of physics, and you have complete power to utilize it for your benefit and that of the world around you.<\/em><\/p>\n<p><em>\u00a0<\/em><\/p>\n","protected":false},"excerpt":{"rendered":"<p>En este texto conocer\u00e1s la Ley de la Energ\u00eda y recuperar\u00e1s tu poder creador para lograr el \u00e9xito, la salud perfecta, la inspiraci\u00f3n, etc. S\u00edrvete del conocimiento que te da este libro y s\u00e9 el due\u00f1o de tu&#8230; <a class=\"read-more\" href=\"https:\/\/authorwebservices-vip.net\/Palibrio\/855969\/\">Read More<\/a><\/p>\n","protected":false},"author":1,"featured_media":0,"parent":0,"menu_order":0,"comment_status":"closed","ping_status":"closed","template":"template-full.php","meta":{"footnotes":""},"class_list":["post-19","page","type-page","status-publish","hentry"],"aioseo_notices":[],"_links":{"self":[{"href":"https:\/\/authorwebservices-vip.net\/Palibrio\/855969\/wp-json\/wp\/v2\/pages\/19","targetHints":{"allow":["GET"]}}],"collection":[{"href":"https:\/\/authorwebservices-vip.net\/Palibrio\/855969\/wp-json\/wp\/v2\/pages"}],"about":[{"href":"https:\/\/authorwebservices-vip.net\/Palibrio\/855969\/wp-json\/wp\/v2\/types\/page"}],"author":[{"embeddable":true,"href":"https:\/\/authorwebservices-vip.net\/Palibrio\/855969\/wp-json\/wp\/v2\/users\/1"}],"replies":[{"embeddable":true,"href":"https:\/\/authorwebservices-vip.net\/Palibrio\/855969\/wp-json\/wp\/v2\/comments?post=19"}],"version-history":[{"count":2,"href":"https:\/\/authorwebservices-vip.net\/Palibrio\/855969\/wp-json\/wp\/v2\/pages\/19\/revisions"}],"predecessor-version":[{"id":39,"href":"https:\/\/authorwebservices-vip.net\/Palibrio\/855969\/wp-json\/wp\/v2\/pages\/19\/revisions\/39"}],"wp:attachment":[{"href":"https:\/\/authorwebservices-vip.net\/Palibrio\/855969\/wp-json\/wp\/v2\/media?parent=19"}],"curies":[{"name":"wp","href":"https:\/\/api.w.org\/{rel}","templated":true}]}}