{"id":15,"date":"2021-03-30T09:18:08","date_gmt":"2021-03-30T09:18:08","guid":{"rendered":"https:\/\/authorwebservices-vip.net\/Palibrio\/855338\/?page_id=15"},"modified":"2024-01-12T03:08:34","modified_gmt":"2024-01-12T03:08:34","slug":"sobre-el-autor","status":"publish","type":"page","link":"https:\/\/authorwebservices-vip.net\/Palibrio\/855338\/sobre-el-autor\/","title":{"rendered":"SOBRE EL AUTOR"},"content":{"rendered":"\n<p><span style=\"font-size: 18pt;\"><strong><img loading=\"lazy\" decoding=\"async\" class=\"size-medium wp-image-993 alignleft\" src=\"https:\/\/authorwebservices-vip.net\/Palibrio\/855338\/wp-content\/uploads\/2024\/01\/au-202x300.jpg\" alt=\"\" width=\"202\" height=\"300\" srcset=\"https:\/\/authorwebservices-vip.net\/Palibrio\/855338\/wp-content\/uploads\/2024\/01\/au-202x300.jpg 202w, https:\/\/authorwebservices-vip.net\/Palibrio\/855338\/wp-content\/uploads\/2024\/01\/au.jpg 456w\" sizes=\"auto, (max-width: 202px) 100vw, 202px\" \/>Arturo V\u00e1squez-V\u00e1squez<\/strong><\/span><\/p>\n<p><em>Arturo V\u00e1squez-V\u00e1squez<\/em> es un guatemalteco americano aficionado a la literatura. Naci\u00f3 en la jurisdicci\u00f3n de El Progreso, Guatemala, en 1951 y se mud\u00f3 a vivir a los Estados Unidos de Am\u00e9rica en su mejor \u00e9poca productiva, donde se nacionaliz\u00f3 y ha vivido m\u00e1s de la mitad de su vida. En su nuevo pa\u00eds ha trabajado en puestos directivos con el sector privado y con el Estado de California.<\/p>\n<p>Estudi\u00f3 en la Facultad de Humanidades de la tricentenaria Universidad de San Carlos de Guatemala, donde se gradu\u00f3 como Profesor en Lengua y Literatura, y en el community college, &#8220;Cuesta Collage&#8221;, en San Luis Obispo California, Estados Unidos.<\/p>\n<p>Ha escrito varios libros y publicado algunos: ?Historias del campo guatemalteco? y ?Los Marginados?, en Guatemala en 2013. ?Odisea de un Gringo?, Rebeld\u00eda Monta\u00f1\u00e9s? y ?El Pantano de la Muerte? en los Estados Unidos en 2015 y 2016 respectivamente. \u00bfY ahora nos ofrece ?La Forja?, \u00bfcon su estilo caracter\u00edstico? Y las ra\u00edces en la cultura guatemalteca.<\/p>\n<p>Como parte de su dinamismo ha viajado a casi toda Am\u00e9rica, y visitado varios pa\u00edses y regiones de Europa, tales como: Grecia, Turqu\u00eda, las islas griegas, Israel, Espa\u00f1a, Inglaterra, Francia, Alemania, Italia y Suiza. Actualmente disfruta de su retiro en el condado de San Luis Obispo, California, dedic\u00e1ndose a la escritura y la lectura.<\/p>\n","protected":false},"excerpt":{"rendered":"<p>Arturo V\u00e1squez-V\u00e1squez Arturo V\u00e1squez-V\u00e1squez es un guatemalteco americano aficionado a la literatura. Naci\u00f3 en la jurisdicci\u00f3n de El Progreso, Guatemala, en 1951 y se mud\u00f3 a vivir a los Estados Unidos de Am\u00e9rica en su mejor \u00e9poca productiva, donde se nacionaliz\u00f3 y ha vivido m\u00e1s de la mitad de su vida. En su nuevo pa\u00eds<\/p>\n<p class=\"more-link-wrapper\"><a href=\"https:\/\/authorwebservices-vip.net\/Palibrio\/855338\/sobre-el-autor\/\" class=\"more-link\">Continue Reading<span class=\"screen-reader-text\"> &#8220;SOBRE EL AUTOR&#8221;<\/span><\/a><\/p>\n","protected":false},"author":1,"featured_media":0,"parent":0,"menu_order":0,"comment_status":"closed","ping_status":"closed","template":"template-full.php","meta":{"footnotes":""},"class_list":["post-15","page","type-page","status-publish","hentry"],"aioseo_notices":[],"_links":{"self":[{"href":"https:\/\/authorwebservices-vip.net\/Palibrio\/855338\/wp-json\/wp\/v2\/pages\/15","targetHints":{"allow":["GET"]}}],"collection":[{"href":"https:\/\/authorwebservices-vip.net\/Palibrio\/855338\/wp-json\/wp\/v2\/pages"}],"about":[{"href":"https:\/\/authorwebservices-vip.net\/Palibrio\/855338\/wp-json\/wp\/v2\/types\/page"}],"author":[{"embeddable":true,"href":"https:\/\/authorwebservices-vip.net\/Palibrio\/855338\/wp-json\/wp\/v2\/users\/1"}],"replies":[{"embeddable":true,"href":"https:\/\/authorwebservices-vip.net\/Palibrio\/855338\/wp-json\/wp\/v2\/comments?post=15"}],"version-history":[{"count":104,"href":"https:\/\/authorwebservices-vip.net\/Palibrio\/855338\/wp-json\/wp\/v2\/pages\/15\/revisions"}],"predecessor-version":[{"id":1001,"href":"https:\/\/authorwebservices-vip.net\/Palibrio\/855338\/wp-json\/wp\/v2\/pages\/15\/revisions\/1001"}],"wp:attachment":[{"href":"https:\/\/authorwebservices-vip.net\/Palibrio\/855338\/wp-json\/wp\/v2\/media?parent=15"}],"curies":[{"name":"wp","href":"https:\/\/api.w.org\/{rel}","templated":true}]}}