{"id":156,"date":"2021-09-16T05:27:03","date_gmt":"2021-09-16T05:27:03","guid":{"rendered":"https:\/\/authorwebservices-vip.net\/AuthorHouse\/852512\/?page_id=156"},"modified":"2023-11-24T09:17:15","modified_gmt":"2023-11-24T09:17:15","slug":"about-the-book","status":"publish","type":"page","link":"https:\/\/authorwebservices-vip.net\/AuthorHouse\/852512\/about-the-book\/","title":{"rendered":"ABOUT THE BOOK"},"content":{"rendered":"\n<p>La historia de este libro, no es acerca de c\u00e9mo un hombre, con todas las probabilidades en contra, lleva a su familia a trav\u00e9s de medio mundo desde Siberia hasta Am\u00e9rica. Esta historia es acerca de c6mo Dios muestra su Sabiduria, Poder y Conocimiento {En nuestra vida diaria!<\/p>\n<p>Dios planeo una ruta para este hombre sencillo y su familia desde Siberia hacia un destino desconocido. jDios les guio a trav\u00e9s del valle de sombras y de muerte! jLos llevo a trav\u00e9s de una tierra en donde habia guerra, hambre, enfermedad, persecucion, tortura y muerte! jTodo esto por haber rechazado negar a Cristo y por no aceptar al comunismo como el Dios de la humanidad!<\/p>\n<p>Dios acomodo a Sus siervos elegidos, creyentes y no creyentes a lo largo de su viaje para guiarlos a trav\u00e9s de la tierra de guerra, enfermedad, hambre y muerte.<\/p>\n<p>Posteriormente, {El los llevo a su destino! \u201c;A la tierra en donde fluye leche y miel, Am\u00e9rica!\u201d jFue hasta que llegamos a Am\u00e9rica que Dios le revelo a mi padre el destino final de su viaje!<\/p>\n<p>Todos los creyentes en la Iglesia Bautista Rusa en el Noroeste de Rusia, en la frontera China, en la ciudad de Kuldja, jestaban convencidos de que la familia<\/p>\n<p>Amegin (Shelohvostoff) habia muerto en su huida de Kuldja a trav\u00e9s de la zona de guerra! Si no hubiesen muerto en la guerra mientras hufan del comunismo, seguramente moririan intentando a travesar el desierto de Gobi a pie con ocho nifios! Por lo pronto, todo mundo se habia olvidado de la familia Amegin (Shelohvostoft). {Todos en la comunidad daban por cierto que todos habian muerto!<\/p>\n<p>Alrededor de diez meses despu\u00e9s de que la familia parti6, la noticia de que la familia Amegin estaba viva y bien, llego a Kuldja! jLa familia habia alcanzado a llegar a la ciudad costera de Shanghdi- atravesando toda China<\/p>\n<p>Los miembros de la iglesia de Kuldja, dijeron, \u201c;Si ellos pudieron hacerlo sin recursos y a pie, seguramente tambi\u00e9n nosotros podriamos con todos los recursos con que contamos! Ellos comenzaron a huir hacia Shanghai para liberarse del comunismo. jLa ventana de oportunidad se estaba cerrando rapidamente! Muchos de ellos no lo lograron. Aquellos que sobrevivieron, llegaron a Shanghai casi un afio despu\u00e9s. Para ese entonces, todas las vias para escapar del comunismo a la libertad fueron cerradas por los comunistas. A trav\u00e9s de abogados de inmigraci\u00e9n en Shanghai el grupo hizo muchos intentos infructuosos para trasladarse a Am\u00e9rica! Ya para entonces los comunistas habian cerrado toda posible via para escapar de China. jAl grupo no se le permiti\u00e9 trasladarse a Am\u00e9rica, en lugar de ellos fueron enviados a Filipinas!<\/p>\n<p>iMi padre no se daria por vencido! {El insisti6 con las autoridades de inmigraci\u00e9n en que el grupo debia de venir a Am\u00e9rica! Este es mi rebafio de Kuldja en el Noroeste de China y yo era su pastor. {Estos son mis hermanos y hermanas en Cristo! jDebo ayudarles a venir a Am\u00e9rica! jMi padre busco apoyo entre las iglesias Rusas en el area de California para conseguir patrocinadores y ayudar a traer al grupo de Filipinas a California! A donde quiera que \u00e9l iba le decian que eran demasiadas las personas que habia que traer y que ellos eran muy pocos. No habia manera de poder patrocinar a un grupo tan grande. Mi padre no se rindi\u00e9. El dijo: que puede hacerse!<\/p>\n<p>Con la ayuda del hermano Niedens en San Francisco, y el Hermano Wolin de la Iglesia Bautista Rusa en Bryte, mi padre inicio esta monumental para traer al grupo. Con la ayuda de mi hermana mayor y de mi mismo viajamos mensual y bimensualmente a San Francisco, a una distancia de alrededor de 140 Km para trabajar con las autoridades de migraci\u00e9n para preparar el papeleo legal necesario jPara traer al grupo de Filipinas a Am\u00e9rica! iCuando y en donde es imposible para el hombre, Dios lo hace posible!<\/p>\n<p style=\"text-align: left;\"><a class=\"button\" href=\"https:\/\/authorwebservices-vip.net\/AuthorHouse\/852512\/excerpt\/\" rel=\"noopener noreferrer\">READ AN EXCERPT<\/a><\/p>\n","protected":false},"excerpt":{"rendered":"<p>La historia de este libro, no es acerca de c\u00e9mo un hombre, con todas las probabilidades en contra, lleva a su familia a trav\u00e9s de medio mundo desde Siberia hasta Am\u00e9rica. Esta historia es acerca de c6mo Dios muestra su Sabiduria, Poder y Conocimiento {En nuestra vida diaria! Dios planeo una ruta para este hombre<\/p>\n<p class=\"more-link-wrapper\"><a href=\"https:\/\/authorwebservices-vip.net\/AuthorHouse\/852512\/about-the-book\/\" class=\"more-link\">Continue Reading<span class=\"screen-reader-text\"> &#8220;ABOUT THE BOOK&#8221;<\/span><\/a><\/p>\n","protected":false},"author":1,"featured_media":0,"parent":0,"menu_order":0,"comment_status":"closed","ping_status":"closed","template":"","meta":{"footnotes":""},"class_list":["post-156","page","type-page","status-publish","hentry"],"aioseo_notices":[],"_links":{"self":[{"href":"https:\/\/authorwebservices-vip.net\/AuthorHouse\/852512\/wp-json\/wp\/v2\/pages\/156","targetHints":{"allow":["GET"]}}],"collection":[{"href":"https:\/\/authorwebservices-vip.net\/AuthorHouse\/852512\/wp-json\/wp\/v2\/pages"}],"about":[{"href":"https:\/\/authorwebservices-vip.net\/AuthorHouse\/852512\/wp-json\/wp\/v2\/types\/page"}],"author":[{"embeddable":true,"href":"https:\/\/authorwebservices-vip.net\/AuthorHouse\/852512\/wp-json\/wp\/v2\/users\/1"}],"replies":[{"embeddable":true,"href":"https:\/\/authorwebservices-vip.net\/AuthorHouse\/852512\/wp-json\/wp\/v2\/comments?post=156"}],"version-history":[{"count":31,"href":"https:\/\/authorwebservices-vip.net\/AuthorHouse\/852512\/wp-json\/wp\/v2\/pages\/156\/revisions"}],"predecessor-version":[{"id":970,"href":"https:\/\/authorwebservices-vip.net\/AuthorHouse\/852512\/wp-json\/wp\/v2\/pages\/156\/revisions\/970"}],"wp:attachment":[{"href":"https:\/\/authorwebservices-vip.net\/AuthorHouse\/852512\/wp-json\/wp\/v2\/media?parent=156"}],"curies":[{"name":"wp","href":"https:\/\/api.w.org\/{rel}","templated":true}]}}